{"id":12,"date":"2022-03-02T09:01:04","date_gmt":"2022-03-02T09:01:04","guid":{"rendered":"https:\/\/nasrosupirosorr.ro\/?page_id=12"},"modified":"2022-04-27T07:22:47","modified_gmt":"2022-04-27T07:22:47","slug":"hirek","status":"publish","type":"page","link":"https:\/\/nasrosupirosorr.ro\/index.php\/hirek\/","title":{"rendered":"H\u00edrek"},"content":{"rendered":"\t\t<div data-elementor-type=\"wp-page\" data-elementor-id=\"12\" class=\"elementor elementor-12\">\n\t\t\t\t\t\t\t\t\t<section class=\"elementor-section elementor-top-section elementor-element elementor-element-2352ff5 elementor-section-boxed elementor-section-height-default elementor-section-height-default\" data-id=\"2352ff5\" data-element_type=\"section\">\n\t\t\t\t\t\t<div class=\"elementor-container elementor-column-gap-default\">\n\t\t\t\t\t<div class=\"aux-parallax-section elementor-column elementor-col-100 elementor-top-column elementor-element elementor-element-e0a02df\" data-id=\"e0a02df\" data-element_type=\"column\">\n\t\t\t<div class=\"elementor-widget-wrap elementor-element-populated\">\n\t\t\t\t\t\t\t\t<div class=\"elementor-element elementor-element-4f7fef1 elementor-widget elementor-widget-text-editor\" data-id=\"4f7fef1\" data-element_type=\"widget\" data-widget_type=\"text-editor.default\">\n\t\t\t\t<div class=\"elementor-widget-container\">\n\t\t\t<style>\/*! elementor - v3.6.4 - 13-04-2022 *\/\n.elementor-widget-text-editor.elementor-drop-cap-view-stacked .elementor-drop-cap{background-color:#818a91;color:#fff}.elementor-widget-text-editor.elementor-drop-cap-view-framed .elementor-drop-cap{color:#818a91;border:3px solid;background-color:transparent}.elementor-widget-text-editor:not(.elementor-drop-cap-view-default) .elementor-drop-cap{margin-top:8px}.elementor-widget-text-editor:not(.elementor-drop-cap-view-default) .elementor-drop-cap-letter{width:1em;height:1em}.elementor-widget-text-editor .elementor-drop-cap{float:left;text-align:center;line-height:1;font-size:50px}.elementor-widget-text-editor .elementor-drop-cap-letter{display:inline-block}<\/style>\t\t\t\t<p>N\u00e9p\u00fajs\u00e1g: <a href=\"https:\/\/nepujsag.ro\/articles\/fejlesztes-muveszet-es-jatekterapiaval\">Fejleszt\u00e9s m\u0171v\u00e9szet- \u00e9s j\u00e1t\u00e9kter\u00e1pi\u00e1val<\/a><\/p>\t\t\t\t\t\t<\/div>\n\t\t\t\t<\/div>\n\t\t\t\t\t<\/div>\n\t\t<\/div>\n\t\t\t\t\t\t\t<\/div>\n\t\t<\/section>\n\t\t\t\t<section class=\"elementor-section elementor-top-section elementor-element elementor-element-6ad6609 elementor-section-boxed elementor-section-height-default elementor-section-height-default\" data-id=\"6ad6609\" data-element_type=\"section\">\n\t\t\t\t\t\t<div class=\"elementor-container elementor-column-gap-default\">\n\t\t\t\t\t<div class=\"aux-parallax-section elementor-column elementor-col-100 elementor-top-column elementor-element elementor-element-6385902\" data-id=\"6385902\" data-element_type=\"column\">\n\t\t\t<div class=\"elementor-widget-wrap elementor-element-populated\">\n\t\t\t\t\t\t\t\t<div class=\"elementor-element elementor-element-88c1010 elementor-widget elementor-widget-text-editor\" data-id=\"88c1010\" data-element_type=\"widget\" data-widget_type=\"text-editor.default\">\n\t\t\t\t<div class=\"elementor-widget-container\">\n\t\t\t\t\t\t\t<p>Marosv\u00e1s\u00e1rhelyiek.ro: <a href=\"https:\/\/marosvasarhelyiek.ro\/2021\/06\/04\/a-zene-mindenkie\/\">A zene mindenki\u00e9!<\/a><\/p>\t\t\t\t\t\t<\/div>\n\t\t\t\t<\/div>\n\t\t\t\t\t<\/div>\n\t\t<\/div>\n\t\t\t\t\t\t\t<\/div>\n\t\t<\/section>\n\t\t\t\t<section class=\"elementor-section elementor-top-section elementor-element elementor-element-0707b06 elementor-section-boxed elementor-section-height-default elementor-section-height-default\" data-id=\"0707b06\" data-element_type=\"section\">\n\t\t\t\t\t\t<div class=\"elementor-container elementor-column-gap-default\">\n\t\t\t\t\t<div class=\"aux-parallax-section elementor-column elementor-col-100 elementor-top-column elementor-element elementor-element-ccbb2ae\" data-id=\"ccbb2ae\" data-element_type=\"column\">\n\t\t\t<div class=\"elementor-widget-wrap elementor-element-populated\">\n\t\t\t\t\t\t\t\t<div class=\"elementor-element elementor-element-0fa1710 elementor-widget elementor-widget-text-editor\" data-id=\"0fa1710\" data-element_type=\"widget\" data-widget_type=\"text-editor.default\">\n\t\t\t\t<div class=\"elementor-widget-container\">\n\t\t\t\t\t\t\t<p>Erd\u00e9lyi Magyar Telev\u00edzi\u00f3: <a href=\"https:\/\/www.facebook.com\/796705427345416\/videos\/869358690516595\">Zeneter\u00e1pia s\u00e9r\u00fclt gyerekeknek<\/a><\/p>\t\t\t\t\t\t<\/div>\n\t\t\t\t<\/div>\n\t\t\t\t\t<\/div>\n\t\t<\/div>\n\t\t\t\t\t\t\t<\/div>\n\t\t<\/section>\n\t\t\t\t<section class=\"elementor-section elementor-top-section elementor-element elementor-element-dfb8812 elementor-section-boxed elementor-section-height-default elementor-section-height-default\" data-id=\"dfb8812\" data-element_type=\"section\">\n\t\t\t\t\t\t<div class=\"elementor-container elementor-column-gap-default\">\n\t\t\t\t\t<div class=\"aux-parallax-section elementor-column elementor-col-100 elementor-top-column elementor-element elementor-element-1d8ad69\" data-id=\"1d8ad69\" data-element_type=\"column\">\n\t\t\t<div class=\"elementor-widget-wrap elementor-element-populated\">\n\t\t\t\t\t\t\t\t<div class=\"elementor-element elementor-element-693e655 elementor-widget elementor-widget-text-editor\" data-id=\"693e655\" data-element_type=\"widget\" data-widget_type=\"text-editor.default\">\n\t\t\t\t<div class=\"elementor-widget-container\">\n\t\t\t\t\t\t\t<p>Sz\u00e9kelyhon.ro: <a href=\"https:\/\/szekelyhon.ro\/aktualis\/zeneterapia-a-serult-gyerekek-fejlesztesere?fbclid=IwAR1FrqsemqZnYFMlf9J6o1AauRqjPVlD1G3fFeBuqfBHLx_zrxtZb_d4XKE\">Zeneter\u00e1pia s\u00e9r\u00fclt gyerekek fejleszt\u00e9s\u00e9re<\/a><\/p>\t\t\t\t\t\t<\/div>\n\t\t\t\t<\/div>\n\t\t\t\t\t<\/div>\n\t\t<\/div>\n\t\t\t\t\t\t\t<\/div>\n\t\t<\/section>\n\t\t\t\t<section class=\"elementor-section elementor-top-section elementor-element elementor-element-1ae9e67 elementor-section-boxed elementor-section-height-default elementor-section-height-default\" data-id=\"1ae9e67\" data-element_type=\"section\">\n\t\t\t\t\t\t<div class=\"elementor-container elementor-column-gap-default\">\n\t\t\t\t\t<div class=\"aux-parallax-section elementor-column elementor-col-100 elementor-top-column elementor-element elementor-element-c147e42\" data-id=\"c147e42\" data-element_type=\"column\">\n\t\t\t<div class=\"elementor-widget-wrap elementor-element-populated\">\n\t\t\t\t\t\t\t\t<div class=\"elementor-element elementor-element-968d7c9 elementor-widget elementor-widget-text-editor\" data-id=\"968d7c9\" data-element_type=\"widget\" data-widget_type=\"text-editor.default\">\n\t\t\t\t<div class=\"elementor-widget-container\">\n\t\t\t\t\t\t\t<p>Marosv\u00e1s\u00e1rhelyi R\u00e1di\u00f3: <a href=\"https:\/\/www.marosvasarhelyiradio.ro\/hirek\/halmozottan-serult-gyerekeken-segit-a-piros-orr-egyesulet\/?fbclid=IwAR1Tcrd1bz4jXmkpx7qhCRKBGWbFQFwng6bDJ7joPWqgXUwHniJINsxq0w\">Halmozottan s\u00e9r\u00fclt gyerekeken seg\u00edt a Piros Orr Egyes\u00fclet<\/a><\/p>\t\t\t\t\t\t<\/div>\n\t\t\t\t<\/div>\n\t\t\t\t\t<\/div>\n\t\t<\/div>\n\t\t\t\t\t\t\t<\/div>\n\t\t<\/section>\n\t\t\t\t<section class=\"elementor-section elementor-top-section elementor-element elementor-element-3851519 elementor-section-boxed elementor-section-height-default elementor-section-height-default\" data-id=\"3851519\" data-element_type=\"section\">\n\t\t\t\t\t\t<div class=\"elementor-container elementor-column-gap-default\">\n\t\t\t\t\t<div class=\"aux-parallax-section elementor-column elementor-col-100 elementor-top-column elementor-element elementor-element-1f27771\" data-id=\"1f27771\" data-element_type=\"column\">\n\t\t\t<div class=\"elementor-widget-wrap elementor-element-populated\">\n\t\t\t\t\t\t\t\t<div class=\"elementor-element elementor-element-bb445f3 elementor-widget elementor-widget-text-editor\" data-id=\"bb445f3\" data-element_type=\"widget\" data-widget_type=\"text-editor.default\">\n\t\t\t\t<div class=\"elementor-widget-container\">\n\t\t\t\t\t\t\t<p>Radio Mure\u0219: <a href=\"https:\/\/www.radiomures.ro\/stiri\/terapii-prin-arta-joc-si-muzica-pentru-aproape-50-de-copii-din-judetul-mures-2.html\">Terapii prin art\u0103, joc \u0219i muzic\u0103 pentru aproape 50 de copii din jude\u021bul Mure\u0219<\/a><\/p>\t\t\t\t\t\t<\/div>\n\t\t\t\t<\/div>\n\t\t\t\t\t<\/div>\n\t\t<\/div>\n\t\t\t\t\t\t\t<\/div>\n\t\t<\/section>\n\t\t\t\t\t\t\t<\/div>\n\t\t","protected":false},"excerpt":{"rendered":"<p>N\u00e9p\u00fajs\u00e1g: Fejleszt\u00e9s m\u0171v\u00e9szet- \u00e9s j\u00e1t\u00e9kter\u00e1pi\u00e1val Marosv\u00e1s\u00e1rhelyiek.ro: A zene mindenki\u00e9! Erd\u00e9lyi Magyar Telev\u00edzi\u00f3: Zeneter\u00e1pia s\u00e9r\u00fclt gyerekeknek Sz\u00e9kelyhon.ro: Zeneter\u00e1pia s\u00e9r\u00fclt gyerekek fejleszt\u00e9s\u00e9re Marosv\u00e1s\u00e1rhelyi R\u00e1di\u00f3: Halmozottan s\u00e9r\u00fclt gyerekeken seg\u00edt a Piros Orr Egyes\u00fclet Radio Mure\u0219: Terapii prin art\u0103, joc \u0219i muzic\u0103 pentru aproape 50 de copii din jude\u021bul Mure\u0219<\/p>\n","protected":false},"author":1,"featured_media":0,"parent":0,"menu_order":0,"comment_status":"closed","ping_status":"closed","template":"","meta":{"_monsterinsights_skip_tracking":false,"_monsterinsights_sitenote_active":false,"_monsterinsights_sitenote_note":"","_monsterinsights_sitenote_category":0,"footnotes":""},"class_list":["post-12","page","type-page","status-publish","hentry"],"_links":{"self":[{"href":"https:\/\/nasrosupirosorr.ro\/index.php\/wp-json\/wp\/v2\/pages\/12","targetHints":{"allow":["GET"]}}],"collection":[{"href":"https:\/\/nasrosupirosorr.ro\/index.php\/wp-json\/wp\/v2\/pages"}],"about":[{"href":"https:\/\/nasrosupirosorr.ro\/index.php\/wp-json\/wp\/v2\/types\/page"}],"author":[{"embeddable":true,"href":"https:\/\/nasrosupirosorr.ro\/index.php\/wp-json\/wp\/v2\/users\/1"}],"replies":[{"embeddable":true,"href":"https:\/\/nasrosupirosorr.ro\/index.php\/wp-json\/wp\/v2\/comments?post=12"}],"version-history":[{"count":25,"href":"https:\/\/nasrosupirosorr.ro\/index.php\/wp-json\/wp\/v2\/pages\/12\/revisions"}],"predecessor-version":[{"id":215,"href":"https:\/\/nasrosupirosorr.ro\/index.php\/wp-json\/wp\/v2\/pages\/12\/revisions\/215"}],"wp:attachment":[{"href":"https:\/\/nasrosupirosorr.ro\/index.php\/wp-json\/wp\/v2\/media?parent=12"}],"curies":[{"name":"wp","href":"https:\/\/api.w.org\/{rel}","templated":true}]}}