{"id":154,"date":"2022-04-20T19:00:36","date_gmt":"2022-04-20T19:00:36","guid":{"rendered":"https:\/\/nasrosupirosorr.ro\/?page_id=154"},"modified":"2025-03-18T13:31:11","modified_gmt":"2025-03-18T13:31:11","slug":"adomanyozok","status":"publish","type":"page","link":"https:\/\/nasrosupirosorr.ro\/index.php\/adomanyozok\/","title":{"rendered":"Donez &#8211; Adom\u00e1nyozok"},"content":{"rendered":"\t\t<div data-elementor-type=\"wp-page\" data-elementor-id=\"154\" class=\"elementor elementor-154\">\n\t\t\t\t\t\t\t\t\t<section class=\"elementor-section elementor-top-section elementor-element elementor-element-9568ee6 elementor-section-boxed elementor-section-height-default elementor-section-height-default\" data-id=\"9568ee6\" data-element_type=\"section\">\n\t\t\t\t\t\t<div class=\"elementor-container elementor-column-gap-default\">\n\t\t\t\t\t<div class=\"aux-parallax-section elementor-column elementor-col-50 elementor-top-column elementor-element elementor-element-7b0af52\" data-id=\"7b0af52\" data-element_type=\"column\">\n\t\t\t<div class=\"elementor-widget-wrap elementor-element-populated\">\n\t\t\t\t\t\t\t\t<div class=\"elementor-element elementor-element-15b87bb elementor-widget elementor-widget-text-editor\" data-id=\"15b87bb\" data-element_type=\"widget\" data-widget_type=\"text-editor.default\">\n\t\t\t\t<div class=\"elementor-widget-container\">\n\t\t\t<style>\/*! elementor - v3.6.4 - 13-04-2022 *\/\n.elementor-widget-text-editor.elementor-drop-cap-view-stacked .elementor-drop-cap{background-color:#818a91;color:#fff}.elementor-widget-text-editor.elementor-drop-cap-view-framed .elementor-drop-cap{color:#818a91;border:3px solid;background-color:transparent}.elementor-widget-text-editor:not(.elementor-drop-cap-view-default) .elementor-drop-cap{margin-top:8px}.elementor-widget-text-editor:not(.elementor-drop-cap-view-default) .elementor-drop-cap-letter{width:1em;height:1em}.elementor-widget-text-editor .elementor-drop-cap{float:left;text-align:center;line-height:1;font-size:50px}.elementor-widget-text-editor .elementor-drop-cap-letter{display:inline-block}<\/style>\t\t\t\t<p>Asocia\u021bia noastr\u0103 are nevoie constant\u0103 de sprijin \u0219i dona\u021bii pentru a putea func\u021biona \u0219i pentru a oferi ajutor c\u00e2t mai multor copii cu dizabilit\u0103\u021bi multiple, pentru a le u\u0219ura via\u021ba \u0219i pentru a le oferi sprijin \u00een procesul de dezvoltare. Po\u021bi dona direct \u00een contul bancar al asocia\u021biei sau po\u021bi completa formularul 230 \u0219i ne po\u021bi redirec\u021biona 2% sau 3,5% din impozitul pe profit.<\/p>\t\t\t\t\t\t<\/div>\n\t\t\t\t<\/div>\n\t\t\t\t<div class=\"elementor-element elementor-element-f324ab3 elementor-widget elementor-widget-text-editor\" data-id=\"f324ab3\" data-element_type=\"widget\" data-widget_type=\"text-editor.default\">\n\t\t\t\t<div class=\"elementor-widget-container\">\n\t\t\t\t\t\t\t\t\t\t\t\t\t<\/div>\n\t\t\t\t<\/div>\n\t\t\t\t\t<\/div>\n\t\t<\/div>\n\t\t\t\t<div class=\"aux-parallax-section elementor-column elementor-col-50 elementor-top-column elementor-element elementor-element-cd6c944\" data-id=\"cd6c944\" data-element_type=\"column\">\n\t\t\t<div class=\"elementor-widget-wrap elementor-element-populated\">\n\t\t\t\t\t\t\t\t<div class=\"elementor-element elementor-element-1602fdb elementor-widget elementor-widget-text-editor\" data-id=\"1602fdb\" data-element_type=\"widget\" data-widget_type=\"text-editor.default\">\n\t\t\t\t<div class=\"elementor-widget-container\">\n\t\t\t\t\t\t\t<p>Egyes\u00fclet\u00fcnknek folyamatosan sz\u00fcks\u00e9ge van a t\u00e1mogat\u00e1sokra, adom\u00e1nyokra, hogy m\u0171k\u00f6dni tudjon \u00e9s min\u00e9l t\u00f6bb halmozottan s\u00e9r\u00fclt gyereknek tudjunk seg\u00edteni, megk\u00f6nny\u00edteni \u00e9let\u00fcket, fejleszteni \u0151ket. Adom\u00e1nyozhatsz egyenesen az egyes\u00fclet banksz\u00e1ml\u00e1j\u00e1ra vagy kit\u00f6ltheted a 230-as \u0171rlapot \u00e9s felaj\u00e1nlod a profitad\u00f3d 2 vagy 3,5%-\u00e1t sz\u00e1munkra.<\/p>\t\t\t\t\t\t<\/div>\n\t\t\t\t<\/div>\n\t\t\t\t\t<\/div>\n\t\t<\/div>\n\t\t\t\t\t\t\t<\/div>\n\t\t<\/section>\n\t\t\t\t<section class=\"elementor-section elementor-top-section elementor-element elementor-element-c95baf7 elementor-section-boxed elementor-section-height-default elementor-section-height-default\" data-id=\"c95baf7\" data-element_type=\"section\">\n\t\t\t\t\t\t<div class=\"elementor-container elementor-column-gap-default\">\n\t\t\t\t\t<div class=\"aux-parallax-section elementor-column elementor-col-50 elementor-top-column elementor-element elementor-element-1cced58\" data-id=\"1cced58\" data-element_type=\"column\">\n\t\t\t<div class=\"elementor-widget-wrap elementor-element-populated\">\n\t\t\t\t\t\t\t\t<div class=\"elementor-element elementor-element-7299418 elementor-widget elementor-widget-text-editor\" data-id=\"7299418\" data-element_type=\"widget\" data-widget_type=\"text-editor.default\">\n\t\t\t\t<div class=\"elementor-widget-container\">\n\t\t\t\t\t\t\t<p>Po\u021bi completa formularul 230 acces\u00e2nd urm\u0103torul link, f\u0103r\u0103 a fi nevoie s\u0103 mergi la ANAF sau s\u0103 ni-l trimi\u021bi personal. Site-ul nu stocheaz\u0103 datele tale \u00een niciun fel: <a href=\"https:\/\/formular230.ro\/asociatia-nas-rosu-piros-orr-egyesulet\" target=\"_new\" rel=\"noopener\" data-start=\"166\" data-end=\"292\">https:\/\/formular230.ro\/asociatia-nas-rosu-piros-orr-egyesulet<\/a>.<\/p>\t\t\t\t\t\t<\/div>\n\t\t\t\t<\/div>\n\t\t\t\t\t<\/div>\n\t\t<\/div>\n\t\t\t\t<div class=\"aux-parallax-section elementor-column elementor-col-50 elementor-top-column elementor-element elementor-element-a44b26e\" data-id=\"a44b26e\" data-element_type=\"column\">\n\t\t\t<div class=\"elementor-widget-wrap elementor-element-populated\">\n\t\t\t\t\t\t\t\t<div class=\"elementor-element elementor-element-ae156f1 elementor-widget elementor-widget-text-editor\" data-id=\"ae156f1\" data-element_type=\"widget\" data-widget_type=\"text-editor.default\">\n\t\t\t\t<div class=\"elementor-widget-container\">\n\t\t\t\t\t\t\t<p>A 230-as \u0171rlapot a k\u00f6vetkez\u0151 linken is kit\u00f6ltheted, \u00edgy nem kell sem az ANAF-hoz elmenned, sem hozz\u00e1nk eljuttasd. Az adataidat nem t\u00e1rolja a weboldal semmilyen form\u00e1ban:\u00a0<a style=\"background-color: white;\" href=\"https:\/\/formular230.ro\/asociatia-nas-rosu-piros-orr-egyesulet\" target=\"_blank\" rel=\"noopener\">https:\/\/formular230.ro\/asociatia-nas-rosu-piros-orr-egyesulet<\/a><\/p>\t\t\t\t\t\t<\/div>\n\t\t\t\t<\/div>\n\t\t\t\t\t<\/div>\n\t\t<\/div>\n\t\t\t\t\t\t\t<\/div>\n\t\t<\/section>\n\t\t\t\t<section class=\"elementor-section elementor-top-section elementor-element elementor-element-906b7eb elementor-section-boxed elementor-section-height-default elementor-section-height-default\" data-id=\"906b7eb\" data-element_type=\"section\">\n\t\t\t\t\t\t<div class=\"elementor-container elementor-column-gap-default\">\n\t\t\t\t\t<div class=\"aux-parallax-section elementor-column elementor-col-50 elementor-top-column elementor-element elementor-element-378c5e1\" data-id=\"378c5e1\" data-element_type=\"column\">\n\t\t\t<div class=\"elementor-widget-wrap elementor-element-populated\">\n\t\t\t\t\t\t\t\t<div class=\"elementor-element elementor-element-e954fba elementor-widget elementor-widget-text-editor\" data-id=\"e954fba\" data-element_type=\"widget\" data-widget_type=\"text-editor.default\">\n\t\t\t\t<div class=\"elementor-widget-container\">\n\t\t\t\t\t\t\t<p>Dac\u0103 totu\u0219i dore\u0219ti s\u0103 descarci formularul \u0219i s\u0103-l completezi fizic, apas\u0103 butonul ro\u0219u!<\/p>\t\t\t\t\t\t<\/div>\n\t\t\t\t<\/div>\n\t\t\t\t\t<\/div>\n\t\t<\/div>\n\t\t\t\t<div class=\"aux-parallax-section elementor-column elementor-col-50 elementor-top-column elementor-element elementor-element-ad2b5e9\" data-id=\"ad2b5e9\" data-element_type=\"column\">\n\t\t\t<div class=\"elementor-widget-wrap elementor-element-populated\">\n\t\t\t\t\t\t\t\t<div class=\"elementor-element elementor-element-ae843ed elementor-widget elementor-widget-text-editor\" data-id=\"ae843ed\" data-element_type=\"widget\" data-widget_type=\"text-editor.default\">\n\t\t\t\t<div class=\"elementor-widget-container\">\n\t\t\t\t\t\t\t<p>Ha m\u00e9gis ink\u00e1bb let\u00f6lten\u00e9d az \u0171rlapot \u00e9s k\u00e9zzel szeretn\u00e9d kit\u00f6lteni, akkor nyomd meg a piros gombot!<\/p>\t\t\t\t\t\t<\/div>\n\t\t\t\t<\/div>\n\t\t\t\t\t<\/div>\n\t\t<\/div>\n\t\t\t\t\t\t\t<\/div>\n\t\t<\/section>\n\t\t\t\t<section class=\"elementor-section elementor-top-section elementor-element elementor-element-7b36d1a4 elementor-section-boxed elementor-section-height-default elementor-section-height-default\" data-id=\"7b36d1a4\" data-element_type=\"section\">\n\t\t\t\t\t\t<div class=\"elementor-container elementor-column-gap-default\">\n\t\t\t\t\t<div class=\"aux-parallax-section elementor-column elementor-col-100 elementor-top-column elementor-element elementor-element-dc0eda2\" data-id=\"dc0eda2\" data-element_type=\"column\">\n\t\t\t<div class=\"elementor-widget-wrap elementor-element-populated\">\n\t\t\t\t\t\t\t\t<div class=\"elementor-element elementor-element-3aa875d elementor-widget elementor-widget-button\" data-id=\"3aa875d\" data-element_type=\"widget\" data-widget_type=\"button.default\">\n\t\t\t\t<div class=\"elementor-widget-container\">\n\t\t\t\t\t<div class=\"elementor-button-wrapper\">\n\t\t\t<a href=\"https:\/\/nasrosupirosorr.ro\/wp-content\/uploads\/2025\/02\/230_OPANAF_15_2024-Piros-Orr.pdf\" target=\"_blank\" class=\"elementor-button-link elementor-button elementor-size-sm\" role=\"button\">\n\t\t\t\t\t\t<span class=\"elementor-button-content-wrapper\">\n\t\t\t\t\t\t\t<span class=\"elementor-button-icon elementor-align-icon-left\">\n\t\t\t\t<i aria-hidden=\"true\" class=\"fas fa-percent\"><\/i>\t\t\t<\/span>\n\t\t\t\t\t\t<span class=\"elementor-button-text\">Descarc formularul 3,5% let\u00f6lt\u00f6m az \u0171rlapot<\/span>\n\t\t<\/span>\n\t\t\t\t\t<\/a>\n\t\t<\/div>\n\t\t\t\t<\/div>\n\t\t\t\t<\/div>\n\t\t\t\t\t<\/div>\n\t\t<\/div>\n\t\t\t\t\t\t\t<\/div>\n\t\t<\/section>\n\t\t\t\t<section class=\"elementor-section elementor-top-section elementor-element elementor-element-1f380b9 elementor-section-boxed elementor-section-height-default elementor-section-height-default\" data-id=\"1f380b9\" data-element_type=\"section\">\n\t\t\t\t\t\t<div class=\"elementor-container elementor-column-gap-default\">\n\t\t\t\t\t<div class=\"aux-parallax-section elementor-column elementor-col-100 elementor-top-column elementor-element elementor-element-70811cce\" data-id=\"70811cce\" data-element_type=\"column\">\n\t\t\t<div class=\"elementor-widget-wrap elementor-element-populated\">\n\t\t\t\t\t\t\t\t<div class=\"elementor-element elementor-element-2217385 elementor-widget elementor-widget-text-editor\" data-id=\"2217385\" data-element_type=\"widget\" data-widget_type=\"text-editor.default\">\n\t\t\t\t<div class=\"elementor-widget-container\">\n\t\t\t\t\t\t\t<!-- wp:paragraph -->\n<p><strong>Cont bancar\/<\/strong><strong>Banksz\u00e1mlasz\u00e1m:<\/strong> RO25BRDE270SV34797672700<\/p>\n<!-- \/wp:paragraph -->\t\t\t\t\t\t<\/div>\n\t\t\t\t<\/div>\n\t\t\t\t\t<\/div>\n\t\t<\/div>\n\t\t\t\t\t\t\t<\/div>\n\t\t<\/section>\n\t\t\t\t<section class=\"elementor-section elementor-top-section elementor-element elementor-element-cb60314 elementor-section-boxed elementor-section-height-default elementor-section-height-default\" data-id=\"cb60314\" data-element_type=\"section\">\n\t\t\t\t\t\t<div class=\"elementor-container elementor-column-gap-default\">\n\t\t\t\t\t<div class=\"aux-parallax-section elementor-column elementor-col-100 elementor-top-column elementor-element elementor-element-02bd275\" data-id=\"02bd275\" data-element_type=\"column\">\n\t\t\t<div class=\"elementor-widget-wrap elementor-element-populated\">\n\t\t\t\t\t\t\t\t<section class=\"elementor-section elementor-inner-section elementor-element elementor-element-4d2e58a elementor-section-boxed elementor-section-height-default elementor-section-height-default\" data-id=\"4d2e58a\" data-element_type=\"section\">\n\t\t\t\t\t\t<div class=\"elementor-container elementor-column-gap-default\">\n\t\t\t\t\t<div class=\"aux-parallax-section elementor-column elementor-col-50 elementor-inner-column elementor-element elementor-element-74a99c7\" data-id=\"74a99c7\" data-element_type=\"column\">\n\t\t\t<div class=\"elementor-widget-wrap elementor-element-populated\">\n\t\t\t\t\t\t\t\t<div class=\"elementor-element elementor-element-a07737b elementor-invisible elementor-widget elementor-widget-image\" data-id=\"a07737b\" data-element_type=\"widget\" data-settings=\"{&quot;_animation&quot;:&quot;fadeIn&quot;}\" data-widget_type=\"image.default\">\n\t\t\t\t<div class=\"elementor-widget-container\">\n\t\t\t<style>\/*! elementor - v3.6.4 - 13-04-2022 *\/\n.elementor-widget-image{text-align:center}.elementor-widget-image a{display:inline-block}.elementor-widget-image a img[src$=\".svg\"]{width:48px}.elementor-widget-image img{vertical-align:middle;display:inline-block}<\/style>\t\t\t\t\t\t\t\t\t\t\t\t<img loading=\"lazy\" decoding=\"async\" width=\"300\" height=\"300\" src=\"https:\/\/nasrosupirosorr.ro\/wp-content\/uploads\/2022\/04\/piros-koszi-300x300.jpg\" class=\"attachment-medium size-medium\" alt=\"\" srcset=\"https:\/\/nasrosupirosorr.ro\/wp-content\/uploads\/2022\/04\/piros-koszi-300x300.jpg 300w, https:\/\/nasrosupirosorr.ro\/wp-content\/uploads\/2022\/04\/piros-koszi-1024x1024.jpg 1024w, https:\/\/nasrosupirosorr.ro\/wp-content\/uploads\/2022\/04\/piros-koszi-150x150.jpg 150w, https:\/\/nasrosupirosorr.ro\/wp-content\/uploads\/2022\/04\/piros-koszi-768x768.jpg 768w\" sizes=\"auto, (max-width: 300px) 100vw, 300px\" \/>\t\t\t\t\t\t\t\t\t\t\t\t\t\t\t<\/div>\n\t\t\t\t<\/div>\n\t\t\t\t\t<\/div>\n\t\t<\/div>\n\t\t\t\t<div class=\"aux-parallax-section elementor-column elementor-col-50 elementor-inner-column elementor-element elementor-element-bd10570\" data-id=\"bd10570\" data-element_type=\"column\">\n\t\t\t<div class=\"elementor-widget-wrap elementor-element-populated\">\n\t\t\t\t\t\t\t\t<div class=\"elementor-element elementor-element-08dee9b elementor-invisible elementor-widget elementor-widget-image\" data-id=\"08dee9b\" data-element_type=\"widget\" data-settings=\"{&quot;_animation&quot;:&quot;fadeIn&quot;}\" data-widget_type=\"image.default\">\n\t\t\t\t<div class=\"elementor-widget-container\">\n\t\t\t\t\t\t\t\t\t\t\t\t\t\t\t<img loading=\"lazy\" decoding=\"async\" width=\"300\" height=\"300\" src=\"https:\/\/nasrosupirosorr.ro\/wp-content\/uploads\/2022\/04\/eszkozok-300x300.jpg\" class=\"attachment-medium size-medium\" alt=\"\" srcset=\"https:\/\/nasrosupirosorr.ro\/wp-content\/uploads\/2022\/04\/eszkozok-300x300.jpg 300w, https:\/\/nasrosupirosorr.ro\/wp-content\/uploads\/2022\/04\/eszkozok-150x150.jpg 150w, https:\/\/nasrosupirosorr.ro\/wp-content\/uploads\/2022\/04\/eszkozok-768x768.jpg 768w\" sizes=\"auto, (max-width: 300px) 100vw, 300px\" \/>\t\t\t\t\t\t\t\t\t\t\t\t\t\t\t<\/div>\n\t\t\t\t<\/div>\n\t\t\t\t\t<\/div>\n\t\t<\/div>\n\t\t\t\t\t\t\t<\/div>\n\t\t<\/section>\n\t\t\t\t\t<\/div>\n\t\t<\/div>\n\t\t\t\t\t\t\t<\/div>\n\t\t<\/section>\n\t\t\t\t\t\t\t<\/div>\n\t\t","protected":false},"excerpt":{"rendered":"<p>Asocia\u021bia noastr\u0103 are nevoie constant\u0103 de sprijin \u0219i dona\u021bii pentru a putea func\u021biona \u0219i pentru a oferi ajutor c\u00e2t mai multor copii cu dizabilit\u0103\u021bi multiple, pentru a le u\u0219ura via\u021ba \u0219i pentru a le oferi sprijin \u00een procesul de dezvoltare. Po\u021bi dona direct \u00een contul bancar al asocia\u021biei sau po\u021bi completa formularul 230 \u0219i ne [&hellip;]<\/p>\n","protected":false},"author":1,"featured_media":0,"parent":0,"menu_order":0,"comment_status":"closed","ping_status":"closed","template":"","meta":{"_monsterinsights_skip_tracking":false,"_monsterinsights_sitenote_active":false,"_monsterinsights_sitenote_note":"","_monsterinsights_sitenote_category":0,"footnotes":""},"class_list":["post-154","page","type-page","status-publish","hentry"],"_links":{"self":[{"href":"https:\/\/nasrosupirosorr.ro\/index.php\/wp-json\/wp\/v2\/pages\/154","targetHints":{"allow":["GET"]}}],"collection":[{"href":"https:\/\/nasrosupirosorr.ro\/index.php\/wp-json\/wp\/v2\/pages"}],"about":[{"href":"https:\/\/nasrosupirosorr.ro\/index.php\/wp-json\/wp\/v2\/types\/page"}],"author":[{"embeddable":true,"href":"https:\/\/nasrosupirosorr.ro\/index.php\/wp-json\/wp\/v2\/users\/1"}],"replies":[{"embeddable":true,"href":"https:\/\/nasrosupirosorr.ro\/index.php\/wp-json\/wp\/v2\/comments?post=154"}],"version-history":[{"count":49,"href":"https:\/\/nasrosupirosorr.ro\/index.php\/wp-json\/wp\/v2\/pages\/154\/revisions"}],"predecessor-version":[{"id":321,"href":"https:\/\/nasrosupirosorr.ro\/index.php\/wp-json\/wp\/v2\/pages\/154\/revisions\/321"}],"wp:attachment":[{"href":"https:\/\/nasrosupirosorr.ro\/index.php\/wp-json\/wp\/v2\/media?parent=154"}],"curies":[{"name":"wp","href":"https:\/\/api.w.org\/{rel}","templated":true}]}}