{"id":9,"date":"2022-03-02T09:01:04","date_gmt":"2022-03-02T09:01:04","guid":{"rendered":"https:\/\/nasrosupirosorr.ro\/?page_id=9"},"modified":"2022-05-17T07:11:54","modified_gmt":"2022-05-17T07:11:54","slug":"rolunk","status":"publish","type":"page","link":"https:\/\/nasrosupirosorr.ro\/index.php\/rolunk\/","title":{"rendered":"R\u00f3lunk"},"content":{"rendered":"\t\t<div data-elementor-type=\"wp-page\" data-elementor-id=\"9\" class=\"elementor elementor-9\">\n\t\t\t\t\t\t\t\t\t<section class=\"elementor-section elementor-top-section elementor-element elementor-element-1f27b190 elementor-section-boxed elementor-section-height-default elementor-section-height-default\" data-id=\"1f27b190\" data-element_type=\"section\">\n\t\t\t\t\t\t<div class=\"elementor-container elementor-column-gap-default\">\n\t\t\t\t\t<div class=\"aux-parallax-section elementor-column elementor-col-100 elementor-top-column elementor-element elementor-element-33984ceb\" data-id=\"33984ceb\" data-element_type=\"column\">\n\t\t\t<div class=\"elementor-widget-wrap elementor-element-populated\">\n\t\t\t\t\t\t\t\t<div class=\"elementor-element elementor-element-19c217bb elementor-widget elementor-widget-text-editor\" data-id=\"19c217bb\" data-element_type=\"widget\" data-widget_type=\"text-editor.default\">\n\t\t\t\t<div class=\"elementor-widget-container\">\n\t\t\t<style>\/*! elementor - v3.6.4 - 13-04-2022 *\/\n.elementor-widget-text-editor.elementor-drop-cap-view-stacked .elementor-drop-cap{background-color:#818a91;color:#fff}.elementor-widget-text-editor.elementor-drop-cap-view-framed .elementor-drop-cap{color:#818a91;border:3px solid;background-color:transparent}.elementor-widget-text-editor:not(.elementor-drop-cap-view-default) .elementor-drop-cap{margin-top:8px}.elementor-widget-text-editor:not(.elementor-drop-cap-view-default) .elementor-drop-cap-letter{width:1em;height:1em}.elementor-widget-text-editor .elementor-drop-cap{float:left;text-align:center;line-height:1;font-size:50px}.elementor-widget-text-editor .elementor-drop-cap-letter{display:inline-block}<\/style>\t\t\t\t<p><!-- wp:paragraph --><\/p>\n<p><span style=\"color: rgb(5, 5, 5); font-family: &quot;Segoe UI Historic&quot;, &quot;Segoe UI&quot;, Helvetica, Arial, sans-serif; font-size: 15px;\">Egyes\u00fclet\u00fcnk c\u00e9lja seg\u00edteni az epilepszi\u00e1val \u00f6sszek\u00f6thet\u0151 ritka betegs\u00e9gben szenved\u0151 gyerekeken (SLC1A2)<\/span><br><\/p>\n<p><!-- \/wp:paragraph --><\/p>\t\t\t\t\t\t<\/div>\n\t\t\t\t<\/div>\n\t\t\t\t\t<\/div>\n\t\t<\/div>\n\t\t\t\t\t\t\t<\/div>\n\t\t<\/section>\n\t\t\t\t\t\t\t<\/div>\n\t\t","protected":false},"excerpt":{"rendered":"<p>Egyes\u00fclet\u00fcnk c\u00e9lja seg\u00edteni az epilepszi\u00e1val \u00f6sszek\u00f6thet\u0151 ritka betegs\u00e9gben szenved\u0151 gyerekeken (SLC1A2)<\/p>\n","protected":false},"author":1,"featured_media":0,"parent":0,"menu_order":0,"comment_status":"closed","ping_status":"closed","template":"","meta":{"_monsterinsights_skip_tracking":false,"_monsterinsights_sitenote_active":false,"_monsterinsights_sitenote_note":"","_monsterinsights_sitenote_category":0,"footnotes":""},"class_list":["post-9","page","type-page","status-publish","hentry"],"_links":{"self":[{"href":"https:\/\/nasrosupirosorr.ro\/index.php\/wp-json\/wp\/v2\/pages\/9","targetHints":{"allow":["GET"]}}],"collection":[{"href":"https:\/\/nasrosupirosorr.ro\/index.php\/wp-json\/wp\/v2\/pages"}],"about":[{"href":"https:\/\/nasrosupirosorr.ro\/index.php\/wp-json\/wp\/v2\/types\/page"}],"author":[{"embeddable":true,"href":"https:\/\/nasrosupirosorr.ro\/index.php\/wp-json\/wp\/v2\/users\/1"}],"replies":[{"embeddable":true,"href":"https:\/\/nasrosupirosorr.ro\/index.php\/wp-json\/wp\/v2\/comments?post=9"}],"version-history":[{"count":6,"href":"https:\/\/nasrosupirosorr.ro\/index.php\/wp-json\/wp\/v2\/pages\/9\/revisions"}],"predecessor-version":[{"id":227,"href":"https:\/\/nasrosupirosorr.ro\/index.php\/wp-json\/wp\/v2\/pages\/9\/revisions\/227"}],"wp:attachment":[{"href":"https:\/\/nasrosupirosorr.ro\/index.php\/wp-json\/wp\/v2\/media?parent=9"}],"curies":[{"name":"wp","href":"https:\/\/api.w.org\/{rel}","templated":true}]}}